{"id":168,"date":"2025-04-28T18:31:42","date_gmt":"2025-04-28T18:31:42","guid":{"rendered":"https:\/\/veronika.chernai.mmi-velizy.fr\/_wp\/?post_type=product&#038;p=168"},"modified":"2025-05-11T16:48:40","modified_gmt":"2025-05-11T16:48:40","slug":"lee-know-go-live-limited-ver","status":"publish","type":"product","link":"https:\/\/veronika.chernai.mmi-velizy.fr\/_wp\/product\/lee-know-go-live-limited-ver\/","title":{"rendered":"Lee Know &#8220;GO LIVE&#8221; Limited Ver."},"content":{"rendered":"","protected":false},"excerpt":{"rendered":"<p>Carte exclusive de Lee Know provenant de la version limit\u00e9e de l\u2019album &#8220;GO LIVE&#8221;, sortie en 2020. \u00c9dition sp\u00e9ciale disponible uniquement dans les pr\u00e9commandes de l\u2019album<\/p>\n","protected":false},"featured_media":170,"comment_status":"open","ping_status":"closed","template":"","meta":{"pagelayer_contact_templates":[],"_pagelayer_content":""},"product_brand":[],"product_cat":[22],"product_tag":[21],"class_list":{"0":"post-168","1":"product","2":"type-product","3":"status-publish","4":"has-post-thumbnail","6":"product_cat-stray-kids","7":"product_tag-skz","9":"first","10":"instock","11":"shipping-taxable","12":"purchasable","13":"product-type-simple"},"_links":{"self":[{"href":"https:\/\/veronika.chernai.mmi-velizy.fr\/_wp\/wp-json\/wp\/v2\/product\/168","targetHints":{"allow":["GET"]}}],"collection":[{"href":"https:\/\/veronika.chernai.mmi-velizy.fr\/_wp\/wp-json\/wp\/v2\/product"}],"about":[{"href":"https:\/\/veronika.chernai.mmi-velizy.fr\/_wp\/wp-json\/wp\/v2\/types\/product"}],"replies":[{"embeddable":true,"href":"https:\/\/veronika.chernai.mmi-velizy.fr\/_wp\/wp-json\/wp\/v2\/comments?post=168"}],"wp:featuredmedia":[{"embeddable":true,"href":"https:\/\/veronika.chernai.mmi-velizy.fr\/_wp\/wp-json\/wp\/v2\/media\/170"}],"wp:attachment":[{"href":"https:\/\/veronika.chernai.mmi-velizy.fr\/_wp\/wp-json\/wp\/v2\/media?parent=168"}],"wp:term":[{"taxonomy":"product_brand","embeddable":true,"href":"https:\/\/veronika.chernai.mmi-velizy.fr\/_wp\/wp-json\/wp\/v2\/product_brand?post=168"},{"taxonomy":"product_cat","embeddable":true,"href":"https:\/\/veronika.chernai.mmi-velizy.fr\/_wp\/wp-json\/wp\/v2\/product_cat?post=168"},{"taxonomy":"product_tag","embeddable":true,"href":"https:\/\/veronika.chernai.mmi-velizy.fr\/_wp\/wp-json\/wp\/v2\/product_tag?post=168"}],"curies":[{"name":"wp","href":"https:\/\/api.w.org\/{rel}","templated":true}]}}